{"id":192,"date":"2017-02-17T07:40:57","date_gmt":"2017-02-17T07:40:57","guid":{"rendered":"http:\/\/raratheme.com\/preview\/rara-academic-pro\/?page_id=192"},"modified":"2021-06-21T11:15:27","modified_gmt":"2021-06-21T11:15:27","slug":"welcome-to-academic","status":"publish","type":"page","link":"https:\/\/christen-in-leipzig.de\/index.php\/welcome-to-academic\/","title":{"rendered":"Seien Sie unser Gast"},"content":{"rendered":"<p>Vor einiger Zeit durften wir in Leipzig ein Geb\u00e4ude als Christliche Gemeinschaft nutzen. Wir sind sehr gespannt was Gott mit uns vorhat und was Gott mit uns als n\u00e4chstes tun wird. Unsere Gottesdienste sind voll von lebendiger Predigt, Anbetung und Gesang. Als Gottes Familie genie\u00dfen wir mit unseren G\u00e4sten die Gegenwart Gottes. Erleben Sie mit uns eine Begegnung Gottes wie nie zuvor und eine Gelegenheit, ihn im Geist und in der Wahrheit anzubeten.<\/p>\n<p><b>Sie sind sich nicht sicher, was Sie erwartet? <\/b>Manchmal k\u00f6nnen &#8222;Gottesdienste&#8220; ein wenig entmutigend sein. Sie wissen nicht, was Sie erwartet oder wen Sie treffen werden.<b> Wir freuen uns, dass Sie unser Gast sind. Erleben Sie mit uns gemeinsam wie Gott wirkt. <\/b>Sie werden sich schnell weniger als Gast als vielmehr als Mitglied der Familie Gottes f\u00fchlen. Nehmen Sie sich einen Moment Zeit und schauen Sie sich einen unserer Dienste an. Wenn Sie bereit sind, laden wir Sie ein, mit uns JESUS zu verehren.<\/p>\n\n\n<figure class=\"wp-block-image size-large\"><img decoding=\"async\" src=\"data:image\/gif;base64,R0lGODlhAQABAAAAACH5BAEKAAEALAAAAAABAAEAAAICTAEAOw==\" data-layzr=\"https:\/\/christen-in-leipzig.de\/wp-content\/uploads\/2021\/05\/image.png\" alt=\"\" class=\"wp-image-781\"\/><\/figure>\n","protected":false},"excerpt":{"rendered":"<p>Vor einiger Zeit durften wir in Leipzig ein Geb\u00e4ude als Christliche Gemeinschaft nutzen. Wir sind sehr gespannt was Gott mit uns vorhat und was Gott mit uns als n\u00e4chstes tun wird. Unsere Gottesdienste sind voll von lebendiger Predigt, Anbetung und Gesang. Als Gottes Familie genie\u00dfen wir mit unseren G\u00e4sten die Gegenwart Gottes. Erleben Sie mit uns eine Begegnung Gottes wie nie zuvor und eine Gelegenheit, ihn im Geist und in der Wahrheit anzubeten.<\/p>\n<p>Sie sind sich nicht sicher, was Sie erwartet? <\/p>\n","protected":false},"author":1,"featured_media":869,"parent":0,"menu_order":0,"comment_status":"closed","ping_status":"closed","template":"","meta":{"footnotes":""},"class_list":["post-192","page","type-page","status-publish","has-post-thumbnail","hentry","latest_post"],"yoast_head":"<!-- This site is optimized with the Yoast SEO plugin v27.5 - https:\/\/yoast.com\/product\/yoast-seo-wordpress\/ -->\n<title>Seien Sie unser Gast - Christen in Leipzig<\/title>\n<meta name=\"robots\" content=\"index, follow, max-snippet:-1, max-image-preview:large, max-video-preview:-1\" \/>\n<link rel=\"canonical\" href=\"https:\/\/christen-in-leipzig.de\/index.php\/welcome-to-academic\/\" \/>\n<meta property=\"og:locale\" content=\"de_DE\" \/>\n<meta property=\"og:type\" content=\"article\" \/>\n<meta property=\"og:title\" content=\"Seien Sie unser Gast - Christen in Leipzig\" \/>\n<meta property=\"og:description\" content=\"Vor einiger Zeit durften wir in Leipzig ein Geb\u00e4ude als Christliche Gemeinschaft nutzen. Wir sind sehr gespannt was Gott mit uns vorhat und was Gott mit uns als n\u00e4chstes tun wird. Unsere Gottesdienste sind voll von lebendiger Predigt, Anbetung und Gesang. Als Gottes Familie genie\u00dfen wir mit unseren G\u00e4sten die Gegenwart Gottes. Erleben Sie mit uns eine Begegnung Gottes wie nie zuvor und eine Gelegenheit, ihn im Geist und in der Wahrheit anzubeten. Sie sind sich nicht sicher, was Sie erwartet?\" \/>\n<meta property=\"og:url\" content=\"https:\/\/christen-in-leipzig.de\/index.php\/welcome-to-academic\/\" \/>\n<meta property=\"og:site_name\" content=\"Christen in Leipzig\" \/>\n<meta property=\"article:modified_time\" content=\"2021-06-21T11:15:27+00:00\" \/>\n<meta property=\"og:image\" content=\"https:\/\/christen-in-leipzig.de\/wp-content\/uploads\/2021\/06\/kirche1-1024x753.png\" \/>\n\t<meta property=\"og:image:width\" content=\"1024\" \/>\n\t<meta property=\"og:image:height\" content=\"753\" \/>\n\t<meta property=\"og:image:type\" content=\"image\/png\" \/>\n<meta name=\"twitter:card\" content=\"summary_large_image\" \/>\n<meta name=\"twitter:label1\" content=\"Gesch\u00e4tzte Lesezeit\" \/>\n\t<meta name=\"twitter:data1\" content=\"1\u00a0Minute\" \/>\n<script type=\"application\/ld+json\" class=\"yoast-schema-graph\">{\"@context\":\"https:\\\/\\\/schema.org\",\"@graph\":[{\"@type\":\"WebPage\",\"@id\":\"https:\\\/\\\/christen-in-leipzig.de\\\/index.php\\\/welcome-to-academic\\\/\",\"url\":\"https:\\\/\\\/christen-in-leipzig.de\\\/index.php\\\/welcome-to-academic\\\/\",\"name\":\"Seien Sie unser Gast - Christen in Leipzig\",\"isPartOf\":{\"@id\":\"https:\\\/\\\/christen-in-leipzig.de\\\/#website\"},\"primaryImageOfPage\":{\"@id\":\"https:\\\/\\\/christen-in-leipzig.de\\\/index.php\\\/welcome-to-academic\\\/#primaryimage\"},\"image\":{\"@id\":\"https:\\\/\\\/christen-in-leipzig.de\\\/index.php\\\/welcome-to-academic\\\/#primaryimage\"},\"thumbnailUrl\":\"https:\\\/\\\/christen-in-leipzig.de\\\/wp-content\\\/uploads\\\/2021\\\/06\\\/kirche1.png\",\"datePublished\":\"2017-02-17T07:40:57+00:00\",\"dateModified\":\"2021-06-21T11:15:27+00:00\",\"breadcrumb\":{\"@id\":\"https:\\\/\\\/christen-in-leipzig.de\\\/index.php\\\/welcome-to-academic\\\/#breadcrumb\"},\"inLanguage\":\"de\",\"potentialAction\":[{\"@type\":\"ReadAction\",\"target\":[\"https:\\\/\\\/christen-in-leipzig.de\\\/index.php\\\/welcome-to-academic\\\/\"]}]},{\"@type\":\"ImageObject\",\"inLanguage\":\"de\",\"@id\":\"https:\\\/\\\/christen-in-leipzig.de\\\/index.php\\\/welcome-to-academic\\\/#primaryimage\",\"url\":\"https:\\\/\\\/christen-in-leipzig.de\\\/wp-content\\\/uploads\\\/2021\\\/06\\\/kirche1.png\",\"contentUrl\":\"https:\\\/\\\/christen-in-leipzig.de\\\/wp-content\\\/uploads\\\/2021\\\/06\\\/kirche1.png\",\"width\":6518,\"height\":4796},{\"@type\":\"BreadcrumbList\",\"@id\":\"https:\\\/\\\/christen-in-leipzig.de\\\/index.php\\\/welcome-to-academic\\\/#breadcrumb\",\"itemListElement\":[{\"@type\":\"ListItem\",\"position\":1,\"name\":\"Startseite\",\"item\":\"https:\\\/\\\/christen-in-leipzig.de\\\/\"},{\"@type\":\"ListItem\",\"position\":2,\"name\":\"Seien Sie unser Gast\"}]},{\"@type\":\"WebSite\",\"@id\":\"https:\\\/\\\/christen-in-leipzig.de\\\/#website\",\"url\":\"https:\\\/\\\/christen-in-leipzig.de\\\/\",\"name\":\"Christen in Leipzig\",\"description\":\"Religion oder Errettung - JESUS der Erretter\",\"potentialAction\":[{\"@type\":\"SearchAction\",\"target\":{\"@type\":\"EntryPoint\",\"urlTemplate\":\"https:\\\/\\\/christen-in-leipzig.de\\\/?s={search_term_string}\"},\"query-input\":{\"@type\":\"PropertyValueSpecification\",\"valueRequired\":true,\"valueName\":\"search_term_string\"}}],\"inLanguage\":\"de\"}]}<\/script>\n<!-- \/ Yoast SEO plugin. -->","yoast_head_json":{"title":"Seien Sie unser Gast - Christen in Leipzig","robots":{"index":"index","follow":"follow","max-snippet":"max-snippet:-1","max-image-preview":"max-image-preview:large","max-video-preview":"max-video-preview:-1"},"canonical":"https:\/\/christen-in-leipzig.de\/index.php\/welcome-to-academic\/","og_locale":"de_DE","og_type":"article","og_title":"Seien Sie unser Gast - Christen in Leipzig","og_description":"Vor einiger Zeit durften wir in Leipzig ein Geb\u00e4ude als Christliche Gemeinschaft nutzen. Wir sind sehr gespannt was Gott mit uns vorhat und was Gott mit uns als n\u00e4chstes tun wird. Unsere Gottesdienste sind voll von lebendiger Predigt, Anbetung und Gesang. Als Gottes Familie genie\u00dfen wir mit unseren G\u00e4sten die Gegenwart Gottes. Erleben Sie mit uns eine Begegnung Gottes wie nie zuvor und eine Gelegenheit, ihn im Geist und in der Wahrheit anzubeten. Sie sind sich nicht sicher, was Sie erwartet?","og_url":"https:\/\/christen-in-leipzig.de\/index.php\/welcome-to-academic\/","og_site_name":"Christen in Leipzig","article_modified_time":"2021-06-21T11:15:27+00:00","og_image":[{"width":1024,"height":753,"url":"https:\/\/christen-in-leipzig.de\/wp-content\/uploads\/2021\/06\/kirche1-1024x753.png","type":"image\/png"}],"twitter_card":"summary_large_image","twitter_misc":{"Gesch\u00e4tzte Lesezeit":"1\u00a0Minute"},"schema":{"@context":"https:\/\/schema.org","@graph":[{"@type":"WebPage","@id":"https:\/\/christen-in-leipzig.de\/index.php\/welcome-to-academic\/","url":"https:\/\/christen-in-leipzig.de\/index.php\/welcome-to-academic\/","name":"Seien Sie unser Gast - Christen in Leipzig","isPartOf":{"@id":"https:\/\/christen-in-leipzig.de\/#website"},"primaryImageOfPage":{"@id":"https:\/\/christen-in-leipzig.de\/index.php\/welcome-to-academic\/#primaryimage"},"image":{"@id":"https:\/\/christen-in-leipzig.de\/index.php\/welcome-to-academic\/#primaryimage"},"thumbnailUrl":"https:\/\/christen-in-leipzig.de\/wp-content\/uploads\/2021\/06\/kirche1.png","datePublished":"2017-02-17T07:40:57+00:00","dateModified":"2021-06-21T11:15:27+00:00","breadcrumb":{"@id":"https:\/\/christen-in-leipzig.de\/index.php\/welcome-to-academic\/#breadcrumb"},"inLanguage":"de","potentialAction":[{"@type":"ReadAction","target":["https:\/\/christen-in-leipzig.de\/index.php\/welcome-to-academic\/"]}]},{"@type":"ImageObject","inLanguage":"de","@id":"https:\/\/christen-in-leipzig.de\/index.php\/welcome-to-academic\/#primaryimage","url":"https:\/\/christen-in-leipzig.de\/wp-content\/uploads\/2021\/06\/kirche1.png","contentUrl":"https:\/\/christen-in-leipzig.de\/wp-content\/uploads\/2021\/06\/kirche1.png","width":6518,"height":4796},{"@type":"BreadcrumbList","@id":"https:\/\/christen-in-leipzig.de\/index.php\/welcome-to-academic\/#breadcrumb","itemListElement":[{"@type":"ListItem","position":1,"name":"Startseite","item":"https:\/\/christen-in-leipzig.de\/"},{"@type":"ListItem","position":2,"name":"Seien Sie unser Gast"}]},{"@type":"WebSite","@id":"https:\/\/christen-in-leipzig.de\/#website","url":"https:\/\/christen-in-leipzig.de\/","name":"Christen in Leipzig","description":"Religion oder Errettung - JESUS der Erretter","potentialAction":[{"@type":"SearchAction","target":{"@type":"EntryPoint","urlTemplate":"https:\/\/christen-in-leipzig.de\/?s={search_term_string}"},"query-input":{"@type":"PropertyValueSpecification","valueRequired":true,"valueName":"search_term_string"}}],"inLanguage":"de"}]}},"jetpack_sharing_enabled":true,"_links":{"self":[{"href":"https:\/\/christen-in-leipzig.de\/index.php\/wp-json\/wp\/v2\/pages\/192","targetHints":{"allow":["GET"]}}],"collection":[{"href":"https:\/\/christen-in-leipzig.de\/index.php\/wp-json\/wp\/v2\/pages"}],"about":[{"href":"https:\/\/christen-in-leipzig.de\/index.php\/wp-json\/wp\/v2\/types\/page"}],"author":[{"embeddable":true,"href":"https:\/\/christen-in-leipzig.de\/index.php\/wp-json\/wp\/v2\/users\/1"}],"replies":[{"embeddable":true,"href":"https:\/\/christen-in-leipzig.de\/index.php\/wp-json\/wp\/v2\/comments?post=192"}],"version-history":[{"count":5,"href":"https:\/\/christen-in-leipzig.de\/index.php\/wp-json\/wp\/v2\/pages\/192\/revisions"}],"predecessor-version":[{"id":870,"href":"https:\/\/christen-in-leipzig.de\/index.php\/wp-json\/wp\/v2\/pages\/192\/revisions\/870"}],"wp:featuredmedia":[{"embeddable":true,"href":"https:\/\/christen-in-leipzig.de\/index.php\/wp-json\/wp\/v2\/media\/869"}],"wp:attachment":[{"href":"https:\/\/christen-in-leipzig.de\/index.php\/wp-json\/wp\/v2\/media?parent=192"}],"curies":[{"name":"wp","href":"https:\/\/api.w.org\/{rel}","templated":true}]}}